{"id":1657,"date":"2022-03-22T18:25:18","date_gmt":"2022-03-22T18:25:18","guid":{"rendered":"http:\/\/timtaxi.hr\/?page_id=1657"},"modified":"2022-03-22T18:25:19","modified_gmt":"2022-03-22T18:25:19","slug":"polica-privatnosti","status":"publish","type":"page","link":"https:\/\/timtaxi.hr\/?page_id=1657","title":{"rendered":"Polica privatnosti"},"content":{"rendered":"\n<h2 class=\"wp-block-heading\">Polica privatnosti<\/h2>\n\n\n\n<p>Cijenimo Va\u0161e pravo na povjerljivost podataka te se obvezujemo na o\u010duvanje privatnosti i sigurnosti informacija koje putem ovih stranica s nama podijelite. Niti jedna informacija ne\u0107e biti proslije\u0111ena tre\u0107im osobama bez Va\u0161eg dopu\u0161tenja. Ova polica privatnosti obja\u0161njava kako koristimo Va\u0161e podatke, na koji na\u010din mo\u017eete stupiti s nama u kontakt te nam je iz tog razloga va\u017eno da razumijete na\u0161u informacijsku praksu.&nbsp;Kori\u0161tenjem ovih stranica podrazumijevamo da razumijete sve navedeno i da ste suglasni s ovom policom suglasnosti.&nbsp;Prikupljamo samo one informacije koje su bitne za ostvarivanje svrhe ovih web stranica.<br>Osobne podatke ne prikupljamo samim posjetom ovim web stranicama. Va\u0161i podaci dostupni su nam samo kao informacija koju nam sami date prilikom komuniciranja s nama emailom i kontakt obrascem. Garantiramo da ni jedan od navedenih osobnih podataka ne\u0107e biti iskori\u0161ten za ni jednu drugu svrhu osim one za koju je osobni podatak dan, osim u slu\u010daju Va\u0161eg isklju\u010divog odobrenja.<br>Kako bi ova web stranica radila pravilno, kako bi bio u stanju obavljati daljnja unapre\u0111enja stranice, u svrhu pobolj\u0161avanja Va\u0161ega iskustva pregledavanja, ova stranica mora na Va\u0161e ra\u010dunalo spremiti malenu koli\u010dinu informacija (tzv. \u201ckola\u010di\u0107i\u201d). Preko 90% svih web stranica koristi ovu praksu no prema regulacijama Europske unije od 25.03.2011. obvezan sam prije spremanja kola\u010di\u0107a zatra\u017eiti va\u0161 pristanak. Kori\u0161tenjem web stranice pristajete na uporabu kola\u010di\u0107a.<br>Kola\u010di\u0107 je informacija spremljena na Va\u0161e ra\u010dunalo od strane web stranice koju posjetite. Kola\u010di\u0107i obi\u010dno spremaju Va\u0161e postavke, postavke za web stranicu, kao \u0161to su preferirani jezik ili adresa. Kasnije, kada opet otvorite istu web stranicu internet preglednik \u0161alje natrag kola\u010di\u0107e koji pripadaju toj stranici. Ovo omogu\u0107ava stranici da prika\u017ee informacije prilago\u0111ene Va\u0161im potrebama. Kola\u010di\u0107i mogu spremati \u0161irok pojas informacija uklju\u010duju\u0107i osobne informacije (kao \u0161to je Va\u0161e ime ili e-mail adresa). Ipak, ova informacija mo\u017ee biti spremljena jedino ako Vi to omogu\u0107ite \u2013 web stranice ne mogu dobiti pristup informacijama koji im Vi niste dali i ne mogu pristupiti drugim datotekama na Va\u0161em ra\u010dunalu. Zadane aktivnosti spremanja i slanja kola\u010di\u0107a Vama nisu vidljive. Ipak, mo\u017eete promjeniti Va\u0161e postavke internet preglednika da mo\u017eete sami birati ho\u0107ete li zahtjeve za spremanje kola\u010di\u0107a odobriti ili odbiti, pobri\u0161ete spremljene kola\u010di\u0107e automatski pri zatvaranju internet preglednika i sli\u010dno.<br>Isklju\u010divanjem kola\u010di\u0107a odlu\u010dujete da li ho\u0107ete dopustiti pohranjivanje kola\u010di\u0107a na va\u0161em ra\u010dunalu. Kola\u010di\u0107 postavke mogu se kontrolirati i konfigurirati u va\u0161em web pregledniku. Za informacije o postavkama kola\u010di\u0107a, odaberite web-preglednik koji koristite. \u2022&nbsp;Chrome&nbsp;\u2022&nbsp;Firefox&nbsp;\u2022&nbsp;Internet Explorer 9&nbsp;\u2022&nbsp;Internet Explorer 7 i 8&nbsp;\u2022Opera \u2022&nbsp;Safari. Ako onemogu\u0107ite kola\u010di\u0107e, ne\u0107ete mo\u0107i koristiti neke od funkcionalnosti na web stranicama.<br>Postoji nekoliko vrsta kola\u010di\u0107a.&nbsp;Privremeni kola\u010di\u0107i ili kola\u010di\u0107i sesije uklanjaju se s ra\u010dunala po zatvaranju internet preglednika. Pomo\u0107u njih web-mjesta pohranjuju privremene podatke, poput stavki u ko\u0161arici za kupnju.&nbsp;Stalni ili spremljeni kola\u010di\u0107i ostaju na ra\u010dunalu nakon zatvaranja programa internet preglednika. Pomo\u0107u njih web stranice pohranjuju podatke, kao \u0161to su ime za prijavu i lozinka, tako da se ne morate prijavljivati prilikom svakog posjeta. Stalni kola\u010di\u0107i ostat \u0107e na ra\u010dunalu danima, mjesecima, \u010dak i godinama.&nbsp;Kola\u010di\u0107i od prve strane dolaze s web-mjesta koje gledate, a mogu biti stalni ili privremeni. Pomo\u0107u tih kola\u010di\u0107a web stranice mogu pohraniti podatke koje \u0107e ponovo koristiti prilikom sljede\u0107eg posjeta tim web stranicama.&nbsp;Kola\u010di\u0107i tre\u0107e strane dolaze s reklama drugih web-mjesta (kao \u0161to su sko\u010dne ili druge reklame) koje se nalaze na web stranice koje gledate. Pomo\u0107u tih kola\u010di\u0107a web stranice mogu pratiti kori\u0161tenje Interneta u marketin\u0161ke svrhe.<br>Mo\u017eemo koristiti servis za mjerenje posje\u0107enosti, to je Google analytics. Ako \u017eelite onemogu\u0107iti da vam navedeni servis sprema kola\u010di\u0107e, mo\u017eete ga zabraniti na sljede\u0107em linku: Google Analytics \u2013&nbsp;https:\/\/tools.google.com\/ dlpage\/gaoptout.&nbsp;Trenutno postoji nekoliko web stranica za isklju\u010divanje pohranjivanja kola\u010di\u0107a za razli\u010dite servise. Vi\u0161e se mo\u017eete informirati na sljede\u0107im linkovima: http:\/\/www.allaboutcookies. org\/ http:\/\/www.youronlinechoices. eu\/<br>Sve informacije koje ostavite slanjem mogu\u0107ih komentara ili popunjavanjem javnih obrazaca na stranici ostaju isklju\u010divo na mjestu za koje su popunjene i ne koriste se u druge svrhe.&nbsp;Ukoliko do\u0111e do izmjene ili dopune police privatnosti, ista \u0107e biti va\u017ee\u0107a samo od trenutka kada je objavljena na ovim stranicama. Svako Va\u0161e daljnje kori\u0161tenje web stranice podrazumijeva da prihva\u0107ate izmijenjene ili nadopunjene odredbe.<br>Ova web stranica mo\u017ee sadr\u017eavati linkove na druge web stranice. Ne odgovoramo za sadr\u017eaj tih stranica kao ni za police privatnosti tih stranica. Ukoliko otkrijete da takve web stranice vode na tre\u0107e web stranice s neprikladnim sadr\u017eajem ili nepovoljnom policom privatnosti, obavijestite nas i takve linkove \u0107emo odmah otkloniti. Isto tako ukoliko netko smatra da je naru\u0161eno njegovo pravo o \u010duvanju osobnih podataka s bilo kojeg dijela ovih stranica, ili da je objavljivanjem tekstova na ovim stranicama naru\u0161eno Va\u0161e pravo \u010duvanja osobnih podataka, odmah nas obavijestite i navedeni nedostatak odmah \u0107emo otkloniti. Zahvaljujemo na kori\u0161tenju na\u0161ih stranica.<\/p>\n","protected":false},"excerpt":{"rendered":"<p>Polica privatnosti Cijenimo Va\u0161e pravo na povjerljivost podataka te se obvezujemo na o\u010duvanje privatnosti i sigurnosti informacija koje putem ovih stranica s nama podijelite. Niti jedna informacija ne\u0107e biti proslije\u0111ena tre\u0107im osobama bez Va\u0161eg dopu\u0161tenja. Ova polica privatnosti obja\u0161njava kako koristimo Va\u0161e podatke, na koji na\u010din mo\u017eete stupiti s nama u kontakt te nam je [&hellip;]<\/p>\n","protected":false},"author":1,"featured_media":0,"parent":0,"menu_order":0,"comment_status":"closed","ping_status":"closed","template":"","meta":{"footnotes":""},"class_list":["post-1657","page","type-page","status-publish","hentry"],"yoast_head":"<!-- This site is optimized with the Yoast SEO plugin v23.5 - https:\/\/yoast.com\/wordpress\/plugins\/seo\/ -->\n<title>Polica privatnosti - Tim Taxi Zadar<\/title>\n<meta name=\"robots\" content=\"index, follow, max-snippet:-1, max-image-preview:large, max-video-preview:-1\" \/>\n<link rel=\"canonical\" href=\"https:\/\/timtaxi.hr\/?page_id=1657\" \/>\n<meta property=\"og:locale\" content=\"en_US\" \/>\n<meta property=\"og:type\" content=\"article\" \/>\n<meta property=\"og:title\" content=\"Polica privatnosti - Tim Taxi Zadar\" \/>\n<meta property=\"og:description\" content=\"Polica privatnosti Cijenimo Va\u0161e pravo na povjerljivost podataka te se obvezujemo na o\u010duvanje privatnosti i sigurnosti informacija koje putem ovih stranica s nama podijelite. Niti jedna informacija ne\u0107e biti proslije\u0111ena tre\u0107im osobama bez Va\u0161eg dopu\u0161tenja. Ova polica privatnosti obja\u0161njava kako koristimo Va\u0161e podatke, na koji na\u010din mo\u017eete stupiti s nama u kontakt te nam je [&hellip;]\" \/>\n<meta property=\"og:url\" content=\"https:\/\/timtaxi.hr\/?page_id=1657\" \/>\n<meta property=\"og:site_name\" content=\"Tim Taxi Zadar\" \/>\n<meta property=\"article:modified_time\" content=\"2022-03-22T18:25:19+00:00\" \/>\n<meta name=\"twitter:card\" content=\"summary_large_image\" \/>\n<meta name=\"twitter:label1\" content=\"Est. reading time\" \/>\n\t<meta name=\"twitter:data1\" content=\"4 minutes\" \/>\n<script type=\"application\/ld+json\" class=\"yoast-schema-graph\">{\"@context\":\"https:\/\/schema.org\",\"@graph\":[{\"@type\":\"WebPage\",\"@id\":\"https:\/\/timtaxi.hr\/?page_id=1657\",\"url\":\"https:\/\/timtaxi.hr\/?page_id=1657\",\"name\":\"Polica privatnosti - Tim Taxi Zadar\",\"isPartOf\":{\"@id\":\"https:\/\/timtaxi.hr\/#website\"},\"datePublished\":\"2022-03-22T18:25:18+00:00\",\"dateModified\":\"2022-03-22T18:25:19+00:00\",\"breadcrumb\":{\"@id\":\"https:\/\/timtaxi.hr\/?page_id=1657#breadcrumb\"},\"inLanguage\":\"en-US\",\"potentialAction\":[{\"@type\":\"ReadAction\",\"target\":[\"https:\/\/timtaxi.hr\/?page_id=1657\"]}]},{\"@type\":\"BreadcrumbList\",\"@id\":\"https:\/\/timtaxi.hr\/?page_id=1657#breadcrumb\",\"itemListElement\":[{\"@type\":\"ListItem\",\"position\":1,\"name\":\"Home\",\"item\":\"https:\/\/timtaxi.hr\/\"},{\"@type\":\"ListItem\",\"position\":2,\"name\":\"Polica privatnosti\"}]},{\"@type\":\"WebSite\",\"@id\":\"https:\/\/timtaxi.hr\/#website\",\"url\":\"https:\/\/timtaxi.hr\/\",\"name\":\"Tim Taxi Zadar\",\"description\":\"Taxi Zadar\",\"potentialAction\":[{\"@type\":\"SearchAction\",\"target\":{\"@type\":\"EntryPoint\",\"urlTemplate\":\"https:\/\/timtaxi.hr\/?s={search_term_string}\"},\"query-input\":{\"@type\":\"PropertyValueSpecification\",\"valueRequired\":true,\"valueName\":\"search_term_string\"}}],\"inLanguage\":\"en-US\"}]}<\/script>\n<!-- \/ Yoast SEO plugin. -->","yoast_head_json":{"title":"Polica privatnosti - Tim Taxi Zadar","robots":{"index":"index","follow":"follow","max-snippet":"max-snippet:-1","max-image-preview":"max-image-preview:large","max-video-preview":"max-video-preview:-1"},"canonical":"https:\/\/timtaxi.hr\/?page_id=1657","og_locale":"en_US","og_type":"article","og_title":"Polica privatnosti - Tim Taxi Zadar","og_description":"Polica privatnosti Cijenimo Va\u0161e pravo na povjerljivost podataka te se obvezujemo na o\u010duvanje privatnosti i sigurnosti informacija koje putem ovih stranica s nama podijelite. Niti jedna informacija ne\u0107e biti proslije\u0111ena tre\u0107im osobama bez Va\u0161eg dopu\u0161tenja. Ova polica privatnosti obja\u0161njava kako koristimo Va\u0161e podatke, na koji na\u010din mo\u017eete stupiti s nama u kontakt te nam je [&hellip;]","og_url":"https:\/\/timtaxi.hr\/?page_id=1657","og_site_name":"Tim Taxi Zadar","article_modified_time":"2022-03-22T18:25:19+00:00","twitter_card":"summary_large_image","twitter_misc":{"Est. reading time":"4 minutes"},"schema":{"@context":"https:\/\/schema.org","@graph":[{"@type":"WebPage","@id":"https:\/\/timtaxi.hr\/?page_id=1657","url":"https:\/\/timtaxi.hr\/?page_id=1657","name":"Polica privatnosti - Tim Taxi Zadar","isPartOf":{"@id":"https:\/\/timtaxi.hr\/#website"},"datePublished":"2022-03-22T18:25:18+00:00","dateModified":"2022-03-22T18:25:19+00:00","breadcrumb":{"@id":"https:\/\/timtaxi.hr\/?page_id=1657#breadcrumb"},"inLanguage":"en-US","potentialAction":[{"@type":"ReadAction","target":["https:\/\/timtaxi.hr\/?page_id=1657"]}]},{"@type":"BreadcrumbList","@id":"https:\/\/timtaxi.hr\/?page_id=1657#breadcrumb","itemListElement":[{"@type":"ListItem","position":1,"name":"Home","item":"https:\/\/timtaxi.hr\/"},{"@type":"ListItem","position":2,"name":"Polica privatnosti"}]},{"@type":"WebSite","@id":"https:\/\/timtaxi.hr\/#website","url":"https:\/\/timtaxi.hr\/","name":"Tim Taxi Zadar","description":"Taxi Zadar","potentialAction":[{"@type":"SearchAction","target":{"@type":"EntryPoint","urlTemplate":"https:\/\/timtaxi.hr\/?s={search_term_string}"},"query-input":{"@type":"PropertyValueSpecification","valueRequired":true,"valueName":"search_term_string"}}],"inLanguage":"en-US"}]}},"_links":{"self":[{"href":"https:\/\/timtaxi.hr\/index.php?rest_route=\/wp\/v2\/pages\/1657","targetHints":{"allow":["GET"]}}],"collection":[{"href":"https:\/\/timtaxi.hr\/index.php?rest_route=\/wp\/v2\/pages"}],"about":[{"href":"https:\/\/timtaxi.hr\/index.php?rest_route=\/wp\/v2\/types\/page"}],"author":[{"embeddable":true,"href":"https:\/\/timtaxi.hr\/index.php?rest_route=\/wp\/v2\/users\/1"}],"replies":[{"embeddable":true,"href":"https:\/\/timtaxi.hr\/index.php?rest_route=%2Fwp%2Fv2%2Fcomments&post=1657"}],"version-history":[{"count":1,"href":"https:\/\/timtaxi.hr\/index.php?rest_route=\/wp\/v2\/pages\/1657\/revisions"}],"predecessor-version":[{"id":1658,"href":"https:\/\/timtaxi.hr\/index.php?rest_route=\/wp\/v2\/pages\/1657\/revisions\/1658"}],"wp:attachment":[{"href":"https:\/\/timtaxi.hr\/index.php?rest_route=%2Fwp%2Fv2%2Fmedia&parent=1657"}],"curies":[{"name":"wp","href":"https:\/\/api.w.org\/{rel}","templated":true}]}}